{"id":2,"date":"2025-06-27T08:33:04","date_gmt":"2025-06-27T08:33:04","guid":{"rendered":"http:\/\/aibizstudio.eu\/home\/"},"modified":"2026-03-22T01:19:02","modified_gmt":"2026-03-22T01:19:02","slug":"home","status":"publish","type":"page","link":"https:\/\/aibizstudio.eu\/en\/","title":{"rendered":""},"content":{"rendered":"<div class=\"wp-block-uagb-container uagb-block-494c42c4 default uagb-is-root-container\"><\/div>\n\n\n\n<div data-aos= \"fade\" data-aos-duration=\"400\" data-aos-delay=\"0\" data-aos-easing=\"ease\" data-aos-once=\"true\" class=\"wp-block-uagb-advanced-heading uagb-block-2a8ec1f1 rozciagniety-naglowek\"><h2 class=\"uagb-heading-text\"><strong>Clear legal decisions for technology businesses and organizations using and developing AI.<\/strong><\/h2><\/div>\n\n\n\n<div data-aos= \"fade\" data-aos-duration=\"400\" data-aos-delay=\"0\" data-aos-easing=\"ease\" data-aos-once=\"true\" class=\"wp-block-uagb-advanced-heading uagb-block-81fe9917 rozciagniety-naglowek\"><h2 class=\"uagb-heading-text\">Przek\u0142adamy prawo na konkretne decyzje biznesowe &#8211; identyfiikujemy realne ryzyka, porz\u0105dkujemy sytuacj\u0119 prawn\u0105 i wskazujemy mo\u017cliwe kierunki dzia\u0142ania, aby podejmowa\u0107 \u015bwiadome decyzje.<\/h2><\/div>\n\n\n\n<div class=\"wp-block-uagb-buttons uagb-buttons__outer-wrap uagb-btn__default-btn uagb-btn-tablet__default-btn uagb-btn-mobile__default-btn uagb-block-0c9b1a1e\"><div class=\"uagb-buttons__wrap uagb-buttons-layout-wrap\">\n<div data-aos= \"fade\" data-aos-duration=\"400\" data-aos-delay=\"0\" data-aos-easing=\"ease\" data-aos-once=\"true\" class=\"wp-block-uagb-buttons-child uagb-buttons__outer-wrap uagb-block-4e8f0bf9 wp-block-button\"><div class=\"uagb-button__wrapper\"><a class=\"uagb-buttons-repeater wp-block-button__link\" aria-label=\"\" href=\"https:\/\/aibizstudio.eu\/en\/contact\/\" rel=\"follow noopener\" target=\"_self\" role=\"button\"><div class=\"uagb-button__link\">Explore our collaboration packages<\/div><\/a><\/div><\/div>\n<\/div><\/div>\n\n\n\n<div style=\"height:20px\" aria-hidden=\"true\" class=\"wp-block-spacer\"><\/div>\n\n\n\n<div style=\"height:4px\" aria-hidden=\"true\" class=\"wp-block-spacer\"><\/div>\n\n\n\n<div class=\"wp-block-group alignfull has-custom-color-5-background-color has-background is-layout-flow wp-block-group-is-layout-flow\" style=\"margin-top:0;margin-bottom:0;padding-top:var(--wp--preset--spacing--40);padding-right:var(--wp--preset--spacing--60);padding-bottom:var(--wp--preset--spacing--40);padding-left:var(--wp--preset--spacing--60)\">\n<div class=\"wp-block-group is-vertical is-content-justification-center is-layout-flex wp-container-core-group-is-layout-5a6c4523 wp-block-group-is-layout-flex\">\n<h2 class=\"wp-block-heading has-text-align-center is-style-default wp-container-content-9cfa9a5a\" style=\"font-size:clamp(22.544px, 1.409rem + ((1vw - 3.2px) * 1.506), 37px);line-height:1.3\"><strong>We organize legal risks and support key business decisions<\/strong><\/h2>\n\n\n\n<div style=\"height:0px;width:0px\" aria-hidden=\"true\" class=\"wp-block-spacer wp-container-content-4f2ccadb\"><\/div>\n\n\n\n<h3 class=\"wp-block-heading has-text-align-center\" style=\"font-size:clamp(14px, 0.875rem + ((1vw - 3.2px) * 0.625), 20px);line-height:1.3\">Tworzymy warunki do podejmowania \u015bwiadomych, bezpiecznych i skutecznych decyzji biznesowych &#8211; szczeg\u00f3lnie tam, gdzie stawka jest wysoka. To podej\u015bcie przek\u0142adamy na konkretne zasady, kt\u00f3re defiiniuj\u0105 nasz\u0105 wsp\u00f3\u0142prac\u0119 z klientami.<\/h3>\n<\/div>\n\n\n\n<div style=\"margin-top:0;margin-bottom:0;height:40px;width:0px\" aria-hidden=\"true\" class=\"wp-block-spacer\"><\/div>\n\n\n\n<div class=\"wp-block-columns alignwide is-layout-flex wp-container-core-columns-is-layout-d0bbbce0 wp-block-columns-is-layout-flex\">\n<div class=\"wp-block-column is-layout-flow wp-container-core-column-is-layout-e3d1c41b wp-block-column-is-layout-flow\">\n<h4 class=\"wp-block-heading has-text-align-left is-style-default has-body-font-family\" style=\"font-size:clamp(14px, 0.875rem + ((1vw - 3.2px) * 0.208), 16px);font-style:normal;font-weight:600\">Decisiveness<\/h4>\n\n\n\n<h4 class=\"wp-block-heading has-text-align-left\" style=\"font-size:clamp(14px, 0.875rem + ((1vw - 3.2px) * 0.208), 16px);line-height:1.3\">Clarity where the law offers no simple answers.<br><\/h4>\n<\/div>\n\n\n\n<div class=\"wp-block-column is-layout-flow wp-container-core-column-is-layout-e3d1c41b wp-block-column-is-layout-flow\">\n<h4 class=\"wp-block-heading has-text-align-left is-style-default has-body-font-family\" style=\"font-size:clamp(14px, 0.875rem + ((1vw - 3.2px) * 0.208), 16px);font-style:normal;font-weight:600\">Safety<\/h4>\n\n\n\n<h4 class=\"wp-block-heading has-text-align-left\" style=\"font-size:clamp(14px, 0.875rem + ((1vw - 3.2px) * 0.208), 16px);line-height:1.3\">Strategic management of regulatory and contractual risk.<br><\/h4>\n<\/div>\n\n\n\n<div class=\"wp-block-column is-layout-flow wp-container-core-column-is-layout-e3d1c41b wp-block-column-is-layout-flow\">\n<h4 class=\"wp-block-heading has-text-align-left is-style-default has-body-font-family\" style=\"font-size:clamp(14px, 0.875rem + ((1vw - 3.2px) * 0.208), 16px);font-style:normal;font-weight:600\">Scaling<\/h4>\n\n\n\n<h4 class=\"wp-block-heading has-text-align-left\" style=\"font-size:clamp(14px, 0.875rem + ((1vw - 3.2px) * 0.208), 16px);line-height:1.3\">Legal solutions aligned with the pace and direction of business growth.<\/h4>\n<\/div>\n<\/div>\n\n\n\n<div style=\"height:40px;width:0px\" aria-hidden=\"true\" class=\"wp-block-spacer\"><\/div>\n\n\n\n<div class=\"wp-block-columns alignwide is-layout-flex wp-container-core-columns-is-layout-d0bbbce0 wp-block-columns-is-layout-flex\">\n<div class=\"wp-block-column is-layout-flow wp-container-core-column-is-layout-e3d1c41b wp-block-column-is-layout-flow\">\n<h4 class=\"wp-block-heading has-text-align-left is-style-default has-body-font-family\" style=\"font-size:clamp(14px, 0.875rem + ((1vw - 3.2px) * 0.208), 16px);font-style:normal;font-weight:600\">Strategy<\/h4>\n\n\n\n<h4 class=\"wp-block-heading has-text-align-left\" style=\"font-size:clamp(14px, 0.875rem + ((1vw - 3.2px) * 0.208), 16px);line-height:1.3\">Decisions grounded in the realities of the business model.<br><\/h4>\n<\/div>\n\n\n\n<div class=\"wp-block-column is-layout-flow wp-container-core-column-is-layout-e3d1c41b wp-block-column-is-layout-flow\">\n<h4 class=\"wp-block-heading has-text-align-left is-style-default has-body-font-family\" style=\"font-size:clamp(14px, 0.875rem + ((1vw - 3.2px) * 0.208), 16px);font-style:normal;font-weight:600\">Priorities<\/h4>\n\n\n\n<h4 class=\"wp-block-heading has-text-align-left\" style=\"font-size:clamp(14px, 0.875rem + ((1vw - 3.2px) * 0.208), 16px);line-height:1.3\">Skupienie na kwestiach istotnych dla bie\u017c\u0105cych i planowanych dzia\u0142a\u0144 biznesu.<br><\/h4>\n<\/div>\n\n\n\n<div class=\"wp-block-column is-layout-flow wp-container-core-column-is-layout-e3d1c41b wp-block-column-is-layout-flow\">\n<h4 class=\"wp-block-heading has-text-align-left is-style-default has-body-font-family\" style=\"font-size:clamp(14px, 0.875rem + ((1vw - 3.2px) * 0.208), 16px);font-style:normal;font-weight:600\">Peace<\/h4>\n\n\n\n<h4 class=\"wp-block-heading has-text-align-left\" style=\"font-size:clamp(14px, 0.875rem + ((1vw - 3.2px) * 0.208), 16px);line-height:1.3\">Mniej niepewno\u015bci. Wi\u0119ksza przewidywalno\u015b\u0107.<\/h4>\n<\/div>\n<\/div>\n\n\n\n<div style=\"height:4px\" aria-hidden=\"true\" class=\"wp-block-spacer\"><\/div>\n\n\n\n<div data-aos= \"fade\" data-aos-duration=\"400\" data-aos-delay=\"0\" data-aos-easing=\"ease\" data-aos-once=\"true\" class=\"wp-block-uagb-buttons uagb-buttons__outer-wrap uagb-btn__default-btn uagb-btn-tablet__default-btn uagb-btn-mobile__default-btn uagb-block-709d1d98\"><div class=\"uagb-buttons__wrap uagb-buttons-layout-wrap\">\n<div data-aos= \"fade\" data-aos-duration=\"400\" data-aos-delay=\"0\" data-aos-easing=\"ease\" data-aos-once=\"true\" class=\"wp-block-uagb-buttons-child uagb-buttons__outer-wrap uagb-block-25a58f3b wp-block-button\"><div class=\"uagb-button__wrapper\"><a class=\"uagb-buttons-repeater wp-block-button__link\" aria-label=\"\" href=\"https:\/\/aibizstudio.eu\/en\/contact\/\" rel=\"follow noopener\" target=\"_self\" role=\"button\"><div class=\"uagb-button__link\">Schedule a strategic meeting<\/div><\/a><\/div><\/div>\n<\/div><\/div>\n<\/div>\n\n\n\n<div style=\"height:20px\" aria-hidden=\"true\" class=\"wp-block-spacer\"><\/div>\n\n\n\n<div class=\"wp-block-uagb-container uagb-layout-grid uagb-block-5fcee4f8 alignfull uagb-is-root-container\"><div class=\"uagb-container-inner-blocks-wrap\">\n<h2 class=\"wp-block-heading has-text-align-center\" style=\"font-size:clamp(22.544px, 1.409rem + ((1vw - 3.2px) * 1.506), 37px);line-height:1.3\"><strong>Obszary decyzyjne, w kt\u00f3rych mo\u017cemy wesprze\u0107 Tw\u00f3j zesp\u00f3\u0142<\/strong><\/h2>\n\n\n\n<h3 class=\"wp-block-heading has-text-align-center\" style=\"font-size:clamp(14px, 0.875rem + ((1vw - 3.2px) * 0.625), 20px);line-height:1.3\">Dzia\u0142amy jako wsparcie dla zarz\u0105d\u00f3w i zespo\u0142\u00f3w, gdy decyzje wymagaj\u0105 po\u0142\u0105czenia perspektywy prawnej i biznesowej. Sprawd\u017a, w jakich obszarach mo\u017cemy by\u0107 dla Ciebie realnym wsparciem. <\/h3>\n\n\n\n<div class=\"wp-block-group alignfull has-magiore-font-family has-global-padding is-layout-constrained wp-container-core-group-is-layout-f6cc5ae6 wp-block-group-is-layout-constrained\" style=\"margin-top:0;margin-bottom:0;padding-top:var(--wp--preset--spacing--30);padding-right:var(--wp--preset--spacing--50);padding-bottom:var(--wp--preset--spacing--30);padding-left:var(--wp--preset--spacing--50)\">\n<div class=\"wp-block-columns alignwide is-layout-flex wp-container-core-columns-is-layout-4935966c wp-block-columns-is-layout-flex\" style=\"padding-right:0;padding-left:0\">\n<div class=\"wp-block-column is-layout-flow wp-block-column-is-layout-flow\">\n<div class=\"wp-block-uagb-image aligncenter uagb-block-ed244d04 wp-block-uagb-image--layout-default wp-block-uagb-image--effect-static wp-block-uagb-image--align-center is-style-rounded\"><figure class=\"wp-block-uagb-image__figure\"><img decoding=\"async\" srcset=\"https:\/\/aibizstudio.eu\/wp-content\/uploads\/2025\/10\/balance-scale.png ,https:\/\/aibizstudio.eu\/wp-content\/uploads\/2025\/10\/balance-scale.png 780w, https:\/\/aibizstudio.eu\/wp-content\/uploads\/2025\/10\/balance-scale.png 360w\" sizes=\"auto, (max-width: 480px) 150px\" src=\"https:\/\/aibizstudio.eu\/wp-content\/uploads\/2025\/10\/balance-scale.png\" alt=\"\" class=\"uag-image-2270\" width=\"80\" height=\"78\" title=\"balance-scale\" loading=\"lazy\" role=\"img\"\/><\/figure><\/div>\n\n\n\n<div class=\"wp-block-group is-vertical is-content-justification-center is-nowrap is-layout-flex wp-container-core-group-is-layout-21d4e958 wp-block-group-is-layout-flex\">\n<h4 class=\"wp-block-heading has-text-align-center\" style=\"font-size:clamp(14px, 0.875rem + ((1vw - 3.2px) * 0.208), 16px);\"><strong>AI-related decisions<\/strong><\/h4>\n<\/div>\n\n\n\n<div style=\"height:4px\" aria-hidden=\"true\" class=\"wp-block-spacer\"><\/div>\n\n\n\n<h4 class=\"wp-block-heading has-text-align-left\" style=\"font-size:clamp(14px, 0.875rem + ((1vw - 3.2px) * 0.208), 16px);line-height:1.3\">Designing, implementing, and using AI in line with regulations and business realities.<\/h4>\n<\/div>\n\n\n\n<div class=\"wp-block-column is-layout-flow wp-block-column-is-layout-flow\">\n<div class=\"wp-block-uagb-image uagb-block-f398ec54 wp-block-uagb-image--layout-default wp-block-uagb-image--effect-static wp-block-uagb-image--align-none is-style-rounded\"><figure class=\"wp-block-uagb-image__figure\"><img decoding=\"async\" srcset=\"https:\/\/aibizstudio.eu\/wp-content\/uploads\/2025\/10\/presentation.png ,https:\/\/aibizstudio.eu\/wp-content\/uploads\/2025\/10\/presentation.png 780w, https:\/\/aibizstudio.eu\/wp-content\/uploads\/2025\/10\/presentation.png 360w\" sizes=\"auto, (max-width: 480px) 150px\" src=\"https:\/\/aibizstudio.eu\/wp-content\/uploads\/2025\/10\/presentation.png\" alt=\"\" class=\"uag-image-2274\" width=\"80\" height=\"78\" title=\"presentation\" loading=\"lazy\" role=\"img\"\/><\/figure><\/div>\n\n\n\n<div class=\"wp-block-group is-vertical is-content-justification-center is-nowrap is-layout-flex wp-container-core-group-is-layout-63bfd6c1 wp-block-group-is-layout-flex\">\n<h4 class=\"wp-block-heading has-text-align-center\" style=\"font-size:clamp(14px, 0.875rem + ((1vw - 3.2px) * 0.208), 16px);\"><strong>AI Projects<\/strong><\/h4>\n<\/div>\n\n\n\n<div style=\"height:6px\" aria-hidden=\"true\" class=\"wp-block-spacer\"><\/div>\n\n\n\n<h4 class=\"wp-block-heading has-text-align-left\" style=\"font-size:clamp(14px, 0.875rem + ((1vw - 3.2px) * 0.208), 16px);line-height:1.3\">Legal support for building, scaling and commercializing technology solutions. <\/h4>\n<\/div>\n\n\n\n<div class=\"wp-block-column is-layout-flow wp-block-column-is-layout-flow\">\n<div class=\"wp-block-uagb-image aligncenter uagb-block-967565f8 wp-block-uagb-image--layout-default wp-block-uagb-image--effect-static wp-block-uagb-image--align-center is-style-rounded\"><figure class=\"wp-block-uagb-image__figure\"><img decoding=\"async\" srcset=\"https:\/\/aibizstudio.eu\/wp-content\/uploads\/2025\/10\/education.png ,https:\/\/aibizstudio.eu\/wp-content\/uploads\/2025\/10\/education.png 780w, https:\/\/aibizstudio.eu\/wp-content\/uploads\/2025\/10\/education.png 360w\" sizes=\"auto, (max-width: 480px) 150px\" src=\"https:\/\/aibizstudio.eu\/wp-content\/uploads\/2025\/10\/education.png\" alt=\"\" class=\"uag-image-2262\" width=\"80\" height=\"78\" title=\"education\" loading=\"lazy\" role=\"img\"\/><\/figure><\/div>\n\n\n\n<div class=\"wp-block-group is-vertical is-content-justification-center is-nowrap is-layout-flex wp-container-core-group-is-layout-63bfd6c1 wp-block-group-is-layout-flex\">\n<h4 class=\"wp-block-heading has-text-align-center\" style=\"font-size:clamp(14px, 0.875rem + ((1vw - 3.2px) * 0.208), 16px);\"><strong>Regulation, compliance and risk management<\/strong><\/h4>\n<\/div>\n\n\n\n<div style=\"height:0px\" aria-hidden=\"true\" class=\"wp-block-spacer\"><\/div>\n\n\n\n<h4 class=\"wp-block-heading has-text-align-left\" style=\"font-size:clamp(14px, 0.875rem + ((1vw - 3.2px) * 0.208), 16px);line-height:1.3\">Structuring regulatory obligations (i.a. AI Act, GDPR, sector-specific regulations) based on real risks and business objectives.<\/h4>\n<\/div>\n\n\n\n<div class=\"wp-block-column is-layout-flow wp-block-column-is-layout-flow\">\n<div class=\"wp-block-uagb-image aligncenter uagb-block-6297c9d4 wp-block-uagb-image--layout-default wp-block-uagb-image--effect-static wp-block-uagb-image--align-center is-style-rounded\"><figure class=\"wp-block-uagb-image__figure\"><img decoding=\"async\" srcset=\"https:\/\/aibizstudio.eu\/wp-content\/uploads\/2025\/10\/people.png ,https:\/\/aibizstudio.eu\/wp-content\/uploads\/2025\/10\/people.png 780w, https:\/\/aibizstudio.eu\/wp-content\/uploads\/2025\/10\/people.png 360w\" sizes=\"auto, (max-width: 480px) 150px\" src=\"https:\/\/aibizstudio.eu\/wp-content\/uploads\/2025\/10\/people.png\" alt=\"\" class=\"uag-image-2275\" width=\"80\" height=\"78\" title=\"people\" loading=\"lazy\" role=\"img\"\/><\/figure><\/div>\n\n\n\n<div class=\"wp-block-group is-vertical is-content-justification-center is-nowrap is-layout-flex wp-container-core-group-is-layout-21d4e958 wp-block-group-is-layout-flex\">\n<h4 class=\"wp-block-heading has-text-align-center\" style=\"font-size:clamp(14px, 0.875rem + ((1vw - 3.2px) * 0.208), 16px);\"><strong>Ongoing decision support<\/strong><\/h4>\n<\/div>\n\n\n\n<h4 class=\"wp-block-heading has-text-align-left\" style=\"font-size:clamp(14px, 0.875rem + ((1vw - 3.2px) * 0.208), 16px);line-height:1.3\">Bie\u017c\u0105ce wsparcie prawne dla zespo\u0142\u00f3w dzia\u0142aj\u0105cych w dynamicznym \u015brodowisku regulacyjnym.<\/h4>\n<\/div>\n<\/div>\n\n\n\n<div style=\"height:4px\" aria-hidden=\"true\" class=\"wp-block-spacer\"><\/div>\n\n\n\n<div class=\"wp-block-uagb-buttons uagb-buttons__outer-wrap uagb-btn__default-btn uagb-btn-tablet__default-btn uagb-btn-mobile__default-btn uagb-block-b525ca15\"><div class=\"uagb-buttons__wrap uagb-buttons-layout-wrap\">\n<div data-aos= \"fade\" data-aos-duration=\"400\" data-aos-delay=\"0\" data-aos-easing=\"ease\" data-aos-once=\"true\" class=\"wp-block-uagb-buttons-child uagb-buttons__outer-wrap uagb-block-518b2adf wp-block-button\"><div class=\"uagb-button__wrapper\"><a class=\"uagb-buttons-repeater wp-block-button__link\" aria-label=\"\" href=\"\/en\/aibizstudio.eu\/products\/\" rel=\"follow noopener\" target=\"_self\" role=\"button\"><div class=\"uagb-button__link\">Explore our collaboration packages<\/div><\/a><\/div><\/div>\n<\/div><\/div>\n<\/div>\n<\/div><\/div>\n\n\n\n<div style=\"height:4px\" aria-hidden=\"true\" class=\"wp-block-spacer\"><\/div>\n\n\n\n<div class=\"wp-block-group alignfull has-custom-color-5-background-color has-background is-layout-flow wp-block-group-is-layout-flow\" style=\"min-height:0px;margin-top:0;margin-bottom:0;padding-top:var(--wp--preset--spacing--40);padding-right:var(--wp--preset--spacing--60);padding-bottom:var(--wp--preset--spacing--40);padding-left:var(--wp--preset--spacing--60)\">\n<div class=\"wp-block-group is-vertical is-content-justification-center is-layout-flex wp-container-core-group-is-layout-ce155fab wp-block-group-is-layout-flex\">\n<h2 class=\"wp-block-heading has-text-align-center rozciagniety-naglowek wp-container-content-9cfa9a5a\" style=\"padding-top:0;padding-right:0;padding-bottom:0;padding-left:0;font-size:clamp(22.544px, 1.409rem + ((1vw - 3.2px) * 1.506), 37px);line-height:1.3\"><strong>Od lat pracujemy na styku prawa, technologii i reali\u00f3w biznesowych, \u0142\u0105cz\u0105c perspektyw\u0119 regulacyjn\u0105 z praktyk\u0105 dzia\u0142ania organizacji technologicznych<\/strong><\/h2>\n\n\n\n<h3 class=\"wp-block-heading has-text-align-center rozciagniety-naglowek wp-container-content-9cfa9a5a\" style=\"font-size:clamp(14px, 0.875rem + ((1vw - 3.2px) * 0.625), 20px);line-height:1.3\">Dzia\u0142amy jako wsparcie dla zarz\u0105d\u00f3w i zespo\u0142\u00f3w, gdy decyzje wymagaj\u0105 po\u0142\u0105czenia perspektywy prawnej i biznesowej. Sprawd\u017a w jakich obszarach mo\u017cemy by\u0107 dla Ciebie realnym wsparciem.<\/h3>\n<\/div>\n\n\n\n<div style=\"height:var(--wp--preset--spacing--30)\" aria-hidden=\"true\" class=\"wp-block-spacer\"><\/div>\n\n\n\n<div class=\"wp-block-columns alignwide is-layout-flex wp-container-core-columns-is-layout-4935966c wp-block-columns-is-layout-flex\" style=\"padding-right:0;padding-left:0\">\n<div class=\"wp-block-column is-layout-flow wp-block-column-is-layout-flow\">\n<figure class=\"wp-block-image aligncenter size-full is-resized is-style-rounded is-style-rounded--1\"><img loading=\"lazy\" decoding=\"async\" width=\"1024\" height=\"1024\" src=\"https:\/\/aibizstudio.eu\/wp-content\/uploads\/2025\/10\/linkedin.png\" alt=\"\" class=\"wp-image-2351\" style=\"width:225px\" srcset=\"https:\/\/aibizstudio.eu\/wp-content\/uploads\/2025\/10\/linkedin.png 1024w, https:\/\/aibizstudio.eu\/wp-content\/uploads\/2025\/10\/linkedin-300x300.png 300w, https:\/\/aibizstudio.eu\/wp-content\/uploads\/2025\/10\/linkedin-150x150.png 150w, https:\/\/aibizstudio.eu\/wp-content\/uploads\/2025\/10\/linkedin-768x768.png 768w, https:\/\/aibizstudio.eu\/wp-content\/uploads\/2025\/10\/linkedin-12x12.png 12w\" sizes=\"auto, (max-width: 1024px) 100vw, 1024px\" \/><\/figure>\n\n\n\n<div class=\"wp-block-group is-vertical is-content-justification-center is-nowrap is-layout-flex wp-container-core-group-is-layout-63bfd6c1 wp-block-group-is-layout-flex\">\n<p class=\"has-text-align-center has-small-font-size\"><strong>dr Agata Konieczna<\/strong><\/p>\n\n\n\n<p class=\"has-text-align-center has-small-font-size\">Doktor nauk prawnych<\/p>\n<\/div>\n<\/div>\n\n\n\n<div class=\"wp-block-column is-layout-flow wp-block-column-is-layout-flow\">\n<figure class=\"wp-block-image aligncenter size-full is-resized is-style-rounded is-style-rounded--2\"><img loading=\"lazy\" decoding=\"async\" width=\"1024\" height=\"1024\" src=\"https:\/\/aibizstudio.eu\/wp-content\/uploads\/2025\/10\/linkedin-asia.png\" alt=\"\" class=\"wp-image-2350\" style=\"object-fit:cover;width:225px;height:auto\" srcset=\"https:\/\/aibizstudio.eu\/wp-content\/uploads\/2025\/10\/linkedin-asia.png 1024w, https:\/\/aibizstudio.eu\/wp-content\/uploads\/2025\/10\/linkedin-asia-300x300.png 300w, https:\/\/aibizstudio.eu\/wp-content\/uploads\/2025\/10\/linkedin-asia-150x150.png 150w, https:\/\/aibizstudio.eu\/wp-content\/uploads\/2025\/10\/linkedin-asia-768x768.png 768w, https:\/\/aibizstudio.eu\/wp-content\/uploads\/2025\/10\/linkedin-asia-12x12.png 12w\" sizes=\"auto, (max-width: 1024px) 100vw, 1024px\" \/><\/figure>\n\n\n\n<div class=\"wp-block-group is-vertical is-content-justification-center is-nowrap is-layout-flex wp-container-core-group-is-layout-63bfd6c1 wp-block-group-is-layout-flex\">\n<p class=\"has-text-align-center has-small-font-size\"><strong>Joanna Pelkowska<\/strong><\/p>\n\n\n\n<p class=\"has-text-align-center has-small-font-size\">Radca prawny<\/p>\n<\/div>\n<\/div>\n<\/div>\n\n\n\n<div style=\"height:24px\" aria-hidden=\"true\" class=\"wp-block-spacer\"><\/div>\n\n\n\n<div class=\"wp-block-uagb-buttons uagb-buttons__outer-wrap uagb-btn__default-btn uagb-btn-tablet__default-btn uagb-btn-mobile__default-btn uagb-block-68a0e69f\"><div class=\"uagb-buttons__wrap uagb-buttons-layout-wrap\">\n<div data-aos= \"fade\" data-aos-duration=\"400\" data-aos-delay=\"0\" data-aos-easing=\"ease\" data-aos-once=\"true\" class=\"wp-block-uagb-buttons-child uagb-buttons__outer-wrap uagb-block-4b81ead0 wp-block-button\"><div class=\"uagb-button__wrapper\"><a class=\"uagb-buttons-repeater wp-block-button__link\" aria-label=\"\" href=\"https:\/\/aibizstudio.eu\/en\/company\/\" rel=\"follow noopener\" target=\"_self\" role=\"button\"><div class=\"uagb-button__link\">Poznaj naszych ekspert\u00f3w<\/div><\/a><\/div><\/div>\n<\/div><\/div>\n<\/div>\n\n\n\n<div style=\"height:37px\" aria-hidden=\"true\" class=\"wp-block-spacer\"><\/div>\n\n\n\n<div class=\"wp-block-group alignfull has-custom-color-2-color has-custom-color-6-background-color has-text-color has-background has-link-color wp-elements-f21a08b2a0acdb29d24dd3b65a6e4432 is-vertical is-content-justification-center is-layout-flex wp-container-core-group-is-layout-85b572bd wp-block-group-is-layout-flex\" style=\"min-height:50vh;margin-top:0;margin-bottom:0;padding-top:var(--wp--preset--spacing--40);padding-right:var(--wp--preset--spacing--60);padding-bottom:var(--wp--preset--spacing--40);padding-left:var(--wp--preset--spacing--60)\">\n<div class=\"wp-block-group has-global-padding is-layout-constrained wp-block-group-is-layout-constrained\">\n<div style=\"height:var(--wp--preset--spacing--10)\" aria-hidden=\"true\" class=\"wp-block-spacer\"><\/div>\n\n\n\n<h2 class=\"wp-block-heading has-text-align-center has-custom-color-2-color has-text-color has-link-color has-x-large-font-size wp-elements-9355d3c5352d3e5545ebfced56b57f5a\" style=\"margin-right:0;margin-left:0;padding-right:0;padding-left:0\">Masz pytanie?<\/h2>\n\n\n\n<div style=\"height:var(--wp--preset--spacing--10)\" aria-hidden=\"true\" class=\"wp-block-spacer\"><\/div>\n<\/div>\n\n\n\n<div class=\"wp-block-uagb-buttons uagb-buttons__outer-wrap uagb-btn__default-btn uagb-btn-tablet__default-btn uagb-btn-mobile__default-btn uagb-block-ef6b3cc5\"><div class=\"uagb-buttons__wrap uagb-buttons-layout-wrap\">\n<div data-aos= \"fade\" data-aos-duration=\"400\" data-aos-delay=\"0\" data-aos-easing=\"ease\" data-aos-once=\"true\" class=\"wp-block-uagb-buttons-child uagb-buttons__outer-wrap uagb-block-32379f6c wp-block-button\"><div class=\"uagb-button__wrapper\"><a class=\"uagb-buttons-repeater wp-block-button__link\" aria-label=\"\" href=\"https:\/\/aibizstudio.eu\/en\/contact\/\" rel=\"follow noopener\" target=\"_self\" role=\"button\"><div class=\"uagb-button__link\">Send us a message<\/div><\/a><\/div><\/div>\n<\/div><\/div>\n<\/div>\n\n\n<div class=\"brz-root__container\">\u00a0<\/div>\n\n\n<p><\/p>","protected":false},"excerpt":{"rendered":"<p>Jasne decyzje prawne dla biznes\u00f3w technologicznych i organizacji wykorzystuj\u0105cych i rozwijaj\u0105cych AI. Przek\u0142adamy prawo na konkretne decyzje biznesowe &#8211; identyfiikujemy realne ryzyka, porz\u0105dkujemy sytuacj\u0119 prawn\u0105 i wskazujemy mo\u017cliwe kierunki dzia\u0142ania, aby podejmowa\u0107 \u015bwiadome decyzje. Porz\u0105dkujemy ryzyka prawne i wspieramy kluczowe decyzje biznesowe Tworzymy warunki do podejmowania \u015bwiadomych, bezpiecznych i skutecznych decyzji biznesowych &#8211; szczeg\u00f3lnie tam, [&hellip;]<\/p>","protected":false},"author":1,"featured_media":0,"parent":0,"menu_order":0,"comment_status":"closed","ping_status":"closed","template":"","meta":{"_uag_custom_page_level_css":"","footnotes":""},"class_list":["post-2","page","type-page","status-publish","hentry"],"aioseo_notices":[],"uagb_featured_image_src":{"full":false,"thumbnail":false,"medium":false,"medium_large":false,"large":false,"1536x1536":false,"2048x2048":false,"trp-custom-language-flag":false},"uagb_author_info":{"display_name":"AI Business Studio","author_link":"https:\/\/aibizstudio.eu\/en\/author\/ai-bstudio-teamgmail-com\/"},"uagb_comment_info":0,"uagb_excerpt":"Jasne decyzje prawne dla biznes\u00f3w technologicznych i organizacji wykorzystuj\u0105cych i rozwijaj\u0105cych AI. Przek\u0142adamy prawo na konkretne decyzje biznesowe &#8211; identyfiikujemy realne ryzyka, porz\u0105dkujemy sytuacj\u0119 prawn\u0105 i wskazujemy mo\u017cliwe kierunki dzia\u0142ania, aby podejmowa\u0107 \u015bwiadome decyzje. Porz\u0105dkujemy ryzyka prawne i wspieramy kluczowe decyzje biznesowe Tworzymy warunki do podejmowania \u015bwiadomych, bezpiecznych i skutecznych decyzji biznesowych &#8211; szczeg\u00f3lnie tam,&hellip;","_links":{"self":[{"href":"https:\/\/aibizstudio.eu\/en\/wp-json\/wp\/v2\/pages\/2","targetHints":{"allow":["GET"]}}],"collection":[{"href":"https:\/\/aibizstudio.eu\/en\/wp-json\/wp\/v2\/pages"}],"about":[{"href":"https:\/\/aibizstudio.eu\/en\/wp-json\/wp\/v2\/types\/page"}],"author":[{"embeddable":true,"href":"https:\/\/aibizstudio.eu\/en\/wp-json\/wp\/v2\/users\/1"}],"replies":[{"embeddable":true,"href":"https:\/\/aibizstudio.eu\/en\/wp-json\/wp\/v2\/comments?post=2"}],"version-history":[{"count":183,"href":"https:\/\/aibizstudio.eu\/en\/wp-json\/wp\/v2\/pages\/2\/revisions"}],"predecessor-version":[{"id":2649,"href":"https:\/\/aibizstudio.eu\/en\/wp-json\/wp\/v2\/pages\/2\/revisions\/2649"}],"wp:attachment":[{"href":"https:\/\/aibizstudio.eu\/en\/wp-json\/wp\/v2\/media?parent=2"}],"curies":[{"name":"wp","href":"https:\/\/api.w.org\/{rel}","templated":true}]}}