{"id":22,"date":"2025-06-27T08:33:04","date_gmt":"2025-06-27T08:33:04","guid":{"rendered":"http:\/\/aibizstudio.eu\/company\/"},"modified":"2026-03-22T01:10:20","modified_gmt":"2026-03-22T01:10:20","slug":"company","status":"publish","type":"page","link":"https:\/\/aibizstudio.eu\/en\/company\/","title":{"rendered":"About us"},"content":{"rendered":"<div class=\"wp-block-group alignfull has-custom-color-5-background-color has-background is-layout-flow wp-block-group-is-layout-flow\" style=\"margin-top:0;margin-bottom:0;padding-top:var(--wp--preset--spacing--40);padding-right:var(--wp--preset--spacing--60);padding-bottom:var(--wp--preset--spacing--40);padding-left:var(--wp--preset--spacing--60)\">\n<div class=\"wp-block-group is-vertical is-content-justification-center is-layout-flex wp-container-core-group-is-layout-ce155fab wp-block-group-is-layout-flex\">\n<h2 class=\"wp-block-heading has-text-align-center has-libre-baskerville-font-family\" style=\"font-size:clamp(22.544px, 1.409rem + ((1vw - 3.2px) * 1.506), 37px);line-height:1.3\"><strong>Meet our Team<\/strong><\/h2>\n\n\n\n<h3 class=\"wp-block-heading has-text-align-center rozciagniety-naglowek wp-container-content-9cfa9a5a\" style=\"font-size:clamp(14px, 0.875rem + ((1vw - 3.2px) * 0.625), 20px);line-height:1.3\">We work with modern technology businesses and AI projects operating in regulatory uncertainty.<br>Porz\u0105dkujemy kwestie prawne i ryzyka, tak aby decyzje mog\u0142y uwzgl\u0119dnia\u0107 zar\u00f3wno cele biznesowe, jak i wymogi regulacyjne.<\/h3>\n\n\n\n<h3 class=\"wp-block-heading has-text-align-center rozciagniety-naglowek wp-container-content-9cfa9a5a\" style=\"font-size:clamp(14px, 0.875rem + ((1vw - 3.2px) * 0.625), 20px);line-height:1.3\">Our approach brings together law, strategy, and real-world business considerations.<br>Wspieramy proces decyzyjny tam, gdzie prawo nie daje prostych odpowiedzi.<\/h3>\n<\/div>\n\n\n\n<div style=\"height:var(--wp--preset--spacing--30)\" aria-hidden=\"true\" class=\"wp-block-spacer\"><\/div>\n\n\n\n<div class=\"wp-block-columns alignwide is-layout-flex wp-container-core-columns-is-layout-4935966c wp-block-columns-is-layout-flex\" style=\"padding-right:0;padding-left:0\">\n<div class=\"wp-block-column is-layout-flow wp-block-column-is-layout-flow\">\n<figure class=\"wp-block-image aligncenter size-full is-resized is-style-rounded is-style-rounded--1\"><img loading=\"lazy\" decoding=\"async\" width=\"1024\" height=\"1024\" src=\"https:\/\/aibizstudio.eu\/wp-content\/uploads\/2025\/10\/linkedin.png\" alt=\"\" class=\"wp-image-2351\" style=\"width:249px;height:auto\" srcset=\"https:\/\/aibizstudio.eu\/wp-content\/uploads\/2025\/10\/linkedin.png 1024w, https:\/\/aibizstudio.eu\/wp-content\/uploads\/2025\/10\/linkedin-300x300.png 300w, https:\/\/aibizstudio.eu\/wp-content\/uploads\/2025\/10\/linkedin-150x150.png 150w, https:\/\/aibizstudio.eu\/wp-content\/uploads\/2025\/10\/linkedin-768x768.png 768w, https:\/\/aibizstudio.eu\/wp-content\/uploads\/2025\/10\/linkedin-12x12.png 12w\" sizes=\"auto, (max-width: 1024px) 100vw, 1024px\" \/><\/figure>\n\n\n\n<div class=\"wp-block-group is-vertical is-content-justification-center is-nowrap is-layout-flex wp-container-core-group-is-layout-21d4e958 wp-block-group-is-layout-flex\">\n<h4 class=\"wp-block-heading has-text-align-center\" style=\"font-size:clamp(14px, 0.875rem + ((1vw - 3.2px) * 0.208), 16px);line-height:1.3\"><strong>dr Agata Konieczna<\/strong><\/h4>\n\n\n\n<h4 class=\"wp-block-heading has-text-align-center\" style=\"font-size:clamp(14px, 0.875rem + ((1vw - 3.2px) * 0.208), 16px);line-height:1.3\">founder<\/h4>\n\n\n\n<h4 class=\"wp-block-heading has-text-align-center\" style=\"font-size:clamp(14px, 0.875rem + ((1vw - 3.2px) * 0.208), 16px);line-height:1.3\">Doctor of Law with over 6 years of experience working with new technologies. She specialises in issues related to artificial intelligence law, data protection and intellectual property.<\/h4>\n<\/div>\n<\/div>\n\n\n\n<div class=\"wp-block-column is-layout-flow wp-block-column-is-layout-flow\">\n<figure class=\"wp-block-image aligncenter size-full is-resized is-style-rounded is-style-rounded--2\"><img loading=\"lazy\" decoding=\"async\" width=\"1024\" height=\"1024\" src=\"https:\/\/aibizstudio.eu\/wp-content\/uploads\/2025\/10\/linkedin-asia.png\" alt=\"\" class=\"wp-image-2350\" style=\"width:257px;height:auto\" srcset=\"https:\/\/aibizstudio.eu\/wp-content\/uploads\/2025\/10\/linkedin-asia.png 1024w, https:\/\/aibizstudio.eu\/wp-content\/uploads\/2025\/10\/linkedin-asia-300x300.png 300w, https:\/\/aibizstudio.eu\/wp-content\/uploads\/2025\/10\/linkedin-asia-150x150.png 150w, https:\/\/aibizstudio.eu\/wp-content\/uploads\/2025\/10\/linkedin-asia-768x768.png 768w, https:\/\/aibizstudio.eu\/wp-content\/uploads\/2025\/10\/linkedin-asia-12x12.png 12w\" sizes=\"auto, (max-width: 1024px) 100vw, 1024px\" \/><\/figure>\n\n\n\n<div class=\"wp-block-group is-vertical is-content-justification-center is-nowrap is-layout-flex wp-container-core-group-is-layout-63bfd6c1 wp-block-group-is-layout-flex\">\n<h4 class=\"wp-block-heading has-text-align-center\" style=\"font-size:clamp(14px, 0.875rem + ((1vw - 3.2px) * 0.208), 16px);line-height:1.3\"><strong>Joanna Pelkowska<\/strong><\/h4>\n\n\n\n<h4 class=\"wp-block-heading has-text-align-center\" style=\"font-size:clamp(14px, 0.875rem + ((1vw - 3.2px) * 0.208), 16px);line-height:1.3\">founder<\/h4>\n\n\n\n<h4 class=\"wp-block-heading has-text-align-center\" style=\"font-size:clamp(14px, 0.875rem + ((1vw - 3.2px) * 0.208), 16px);line-height:1.3\">Attorney-at-law with over 10 years of experience working with the business sector. She specialises in intellectual property protection and legal services for e-commerce and AI projects.<\/h4>\n<\/div>\n<\/div>\n<\/div>\n<\/div>\n\n\n\n<p><\/p>","protected":false},"excerpt":{"rendered":"<p>Poznaj nasz zesp\u00f3\u0142 Pracujemy z nowoczesnymi biznesami technologicznymi i projektami AI, kt\u00f3re musz\u0105 podejmowa\u0107 decyzje w warunkach niepewno\u015bci regulacyjnej.Porz\u0105dkujemy kwestie prawne i ryzyka, tak aby decyzje mog\u0142y uwzgl\u0119dnia\u0107 zar\u00f3wno cele biznesowe, jak i wymogi regulacyjne. Nasze podej\u015bcie opiera si\u0119 na po\u0142\u0105czeniu prawa, strategii i reali\u00f3w biznesowych.Wspieramy proces decyzyjny tam, gdzie prawo nie daje prostych odpowiedzi. [&hellip;]<\/p>","protected":false},"author":1,"featured_media":0,"parent":0,"menu_order":0,"comment_status":"closed","ping_status":"closed","template":"","meta":{"_uag_custom_page_level_css":"","footnotes":""},"class_list":["post-22","page","type-page","status-publish","hentry"],"aioseo_notices":[],"uagb_featured_image_src":{"full":false,"thumbnail":false,"medium":false,"medium_large":false,"large":false,"1536x1536":false,"2048x2048":false,"trp-custom-language-flag":false},"uagb_author_info":{"display_name":"AI Business Studio","author_link":"https:\/\/aibizstudio.eu\/en\/author\/ai-bstudio-teamgmail-com\/"},"uagb_comment_info":0,"uagb_excerpt":"Poznaj nasz zesp\u00f3\u0142 Pracujemy z nowoczesnymi biznesami technologicznymi i projektami AI, kt\u00f3re musz\u0105 podejmowa\u0107 decyzje w warunkach niepewno\u015bci regulacyjnej.Porz\u0105dkujemy kwestie prawne i ryzyka, tak aby decyzje mog\u0142y uwzgl\u0119dnia\u0107 zar\u00f3wno cele biznesowe, jak i wymogi regulacyjne. Nasze podej\u015bcie opiera si\u0119 na po\u0142\u0105czeniu prawa, strategii i reali\u00f3w biznesowych.Wspieramy proces decyzyjny tam, gdzie prawo nie daje prostych odpowiedzi.&hellip;","_links":{"self":[{"href":"https:\/\/aibizstudio.eu\/en\/wp-json\/wp\/v2\/pages\/22","targetHints":{"allow":["GET"]}}],"collection":[{"href":"https:\/\/aibizstudio.eu\/en\/wp-json\/wp\/v2\/pages"}],"about":[{"href":"https:\/\/aibizstudio.eu\/en\/wp-json\/wp\/v2\/types\/page"}],"author":[{"embeddable":true,"href":"https:\/\/aibizstudio.eu\/en\/wp-json\/wp\/v2\/users\/1"}],"replies":[{"embeddable":true,"href":"https:\/\/aibizstudio.eu\/en\/wp-json\/wp\/v2\/comments?post=22"}],"version-history":[{"count":24,"href":"https:\/\/aibizstudio.eu\/en\/wp-json\/wp\/v2\/pages\/22\/revisions"}],"predecessor-version":[{"id":2648,"href":"https:\/\/aibizstudio.eu\/en\/wp-json\/wp\/v2\/pages\/22\/revisions\/2648"}],"wp:attachment":[{"href":"https:\/\/aibizstudio.eu\/en\/wp-json\/wp\/v2\/media?parent=22"}],"curies":[{"name":"wp","href":"https:\/\/api.w.org\/{rel}","templated":true}]}}